{"id":3499,"date":"2023-05-03T13:38:08","date_gmt":"2023-05-03T11:38:08","guid":{"rendered":"https:\/\/tratamientoignifugomadera.com\/politica-privacidad\/"},"modified":"2023-07-11T16:06:21","modified_gmt":"2023-07-11T14:06:21","slug":"politica-privacidad","status":"publish","type":"page","link":"https:\/\/tratamientoignifugomadera.com\/fr\/politica-privacidad\/","title":{"rendered":"Pol\u00edtica de Privacidad"},"content":{"rendered":"<div class=\"fusion-fullwidth fullwidth-box fusion-builder-row-1 fusion-flex-container has-pattern-background has-mask-background nonhundred-percent-fullwidth non-hundred-percent-height-scrolling\" style=\"--awb-border-radius-top-left:0px;--awb-border-radius-top-right:0px;--awb-border-radius-bottom-right:0px;--awb-border-radius-bottom-left:0px;\" ><div class=\"fusion-builder-row fusion-row fusion-flex-align-items-flex-start fusion-flex-justify-content-center\" style=\"max-width:1331.2px;margin-left: calc(-4% \/ 2 );margin-right: calc(-4% \/ 2 );\"><div class=\"fusion-layout-column fusion_builder_column fusion-builder-column-0 fusion-flex-column\" style=\"--awb-bg-size:cover;--awb-width-large:70%;--awb-margin-top-large:16px;--awb-spacing-right-large:2.7428571428571%;--awb-margin-bottom-large:16px;--awb-spacing-left-large:2.7428571428571%;--awb-width-medium:70%;--awb-order-medium:0;--awb-spacing-right-medium:2.7428571428571%;--awb-spacing-left-medium:2.7428571428571%;--awb-width-small:100%;--awb-order-small:0;--awb-spacing-right-small:1.92%;--awb-spacing-left-small:1.92%;\"><div class=\"fusion-column-wrapper fusion-column-has-shadow fusion-flex-justify-content-flex-start fusion-content-layout-column\"><div class=\"fusion-text fusion-text-1\" style=\"--awb-font-size:17px;\"><p><span style=\"vertical-align: inherit;\"><span style=\"vertical-align: inherit;\">Conform\u00e9ment au r\u00e8glement (UE) 2016\/679 du Parlement europ\u00e9en et du Conseil du 27 avril 2016 relatif \u00e0 la protection des personnes physiques \u00e0 l&rsquo;\u00e9gard du traitement des donn\u00e9es \u00e0 caract\u00e8re personnel et \u00e0 la libre circulation de ces donn\u00e9es et par lequel directive 95\/46 \/ CE (ci-apr\u00e8s RGPD) est abrog\u00e9, de Sanchez \u2013 Sandoval SL\u00a0; <\/span><span style=\"vertical-align: inherit;\">Nous venons vous informer au travers de ce document sur les donn\u00e9es personnelles que nous pouvons traiter, la mani\u00e8re dont nous proc\u00e9dons \u00e0 ce traitement et ses finalit\u00e9s.<\/span><\/span><\/p>\n<p><strong><span style=\"vertical-align: inherit;\"><span style=\"vertical-align: inherit;\">Finalit\u00e9s<\/span><\/span><\/strong><span style=\"vertical-align: inherit;\"><span style=\"vertical-align: inherit;\"> de la collecte des donn\u00e9es , base l\u00e9gale <\/span><span style=\"vertical-align: inherit;\">et <\/span><\/span><strong><span style=\"vertical-align: inherit;\"><span style=\"vertical-align: inherit;\">dur\u00e9es de conservation<\/span><\/span><\/strong><span style=\"vertical-align: inherit;\"><span style=\"vertical-align: inherit;\"> :<\/span><\/span><\/p>\n<p><span style=\"vertical-align: inherit;\"><span style=\"vertical-align: inherit;\">La politique de confidentialit\u00e9 fait partie des conditions g\u00e9n\u00e9rales qui r\u00e9gissent ce site Web.<\/span><\/span><\/p>\n<p><span style=\"vertical-align: inherit;\"><span style=\"vertical-align: inherit;\">Sanchez-Sandoval SL\u00a0; <\/span><span style=\"vertical-align: inherit;\">CIF: B25402264 <\/span><\/span><br \/>\n<span style=\"vertical-align: inherit;\"><span style=\"vertical-align: inherit;\">C\/ Josep Pla, n\u00baS\/N <\/span><\/span><br \/>\n<span style=\"vertical-align: inherit;\"><span style=\"vertical-align: inherit;\">CP:25680, Hostal Nou; <\/span><span style=\"vertical-align: inherit;\">Vallfogona De Balaguer <\/span><\/span><br \/>\n<span style=\"vertical-align: inherit;\"><span style=\"vertical-align: inherit;\">informacion@sanchezsandoval.es<\/span><\/span><\/p>\n<p><span style=\"vertical-align: inherit;\"><span style=\"vertical-align: inherit;\">R\u00e9serv\u00e9 le droit de modifier ou d&rsquo;adapter cette politique de confidentialit\u00e9 \u00e0 tout moment. <\/span><span style=\"vertical-align: inherit;\">Nous vous recommandons de le consulter, et si vous vous \u00eates inscrit et acc\u00e9dez \u00e0 votre compte ou profil, vous serez inform\u00e9 des modifications.<\/span><\/span><\/p>\n<p><strong><span style=\"vertical-align: inherit;\"><span style=\"vertical-align: inherit;\">CONTACTS WEB OU COURRIEL<\/span><\/span><\/strong><\/p>\n<p><strong><span style=\"vertical-align: inherit;\"><span style=\"vertical-align: inherit;\">-Collecte, finalit\u00e9 et l\u00e9gitimit\u00e9 de vos donn\u00e9es personnelles<\/span><\/span><\/strong><span style=\"vertical-align: inherit;\"><span style=\"vertical-align: inherit;\"> :<\/span><\/span><\/p>\n<p><span style=\"vertical-align: inherit;\"><span style=\"vertical-align: inherit;\">Nous obtenons des informations sur votre adresse IP, votre navigateur ou la dur\u00e9e des visites de mani\u00e8re anonyme. <\/span><span style=\"vertical-align: inherit;\">Nous avons un formulaire de contact avec les donn\u00e9es obtenues \u00e0 partir duquel nous pouvons vous contacter pour r\u00e9soudre toute question ou doute, traiter les commandes, fournir des informations sur les produits ou informer sur les nouveaut\u00e9s sur le Web. <\/span><span style=\"vertical-align: inherit;\">Les donn\u00e9es d&rsquo;analyse seront utilis\u00e9es pour am\u00e9liorer notre site Web ainsi que le mat\u00e9riel g\u00e9n\u00e9r\u00e9 par les utilisateurs. <\/span><span style=\"vertical-align: inherit;\">Nous pourrons confirmer la lecture des emails envoy\u00e9s. <\/span><span style=\"vertical-align: inherit;\">Pour s&rsquo;inscrire et recevoir des informations de notre site Web, l&rsquo;utilisateur doit remplir un formulaire avec au moins tous les champs obligatoires, en acceptant les conditions d&rsquo;utilisation et les politiques de confidentialit\u00e9 en appuyant sur le bouton d&rsquo;acceptation du formulaire, sinon l&rsquo;envoi d&rsquo;informations ne sera pas \u00eatre autoris\u00e9. .<\/span><\/span><\/p>\n<p><strong><span style=\"vertical-align: inherit;\"><span style=\"vertical-align: inherit;\">R\u00c9SEAUX SOCIAUX<\/span><\/span><\/strong><\/p>\n<p><strong><span style=\"vertical-align: inherit;\"><span style=\"vertical-align: inherit;\">&#8211; Finalit\u00e9 et l\u00e9gitimit\u00e9 de vos donn\u00e9es personnelles<\/span><\/span><\/strong><span style=\"vertical-align: inherit;\"><span style=\"vertical-align: inherit;\"> :<\/span><\/span><\/p>\n<p><span style=\"vertical-align: inherit;\"><span style=\"vertical-align: inherit;\">Nous avons un formulaire de contact avec les donn\u00e9es obtenues \u00e0 partir duquel nous pouvons vous contacter pour r\u00e9soudre toute question ou doute, traiter les commandes, fournir des informations sur les produits ou informer sur les nouveaut\u00e9s sur le Web. <\/span><\/span><br \/>\n<span style=\"vertical-align: inherit;\"><span style=\"vertical-align: inherit;\">Notre objectif est la g\u00e9n\u00e9ration de contenu appropri\u00e9 pour les abonn\u00e9s et la cr\u00e9ation d&rsquo;une communaut\u00e9 ayant des int\u00e9r\u00eats communs. <\/span><\/span><br \/>\n<span style=\"vertical-align: inherit;\"><span style=\"vertical-align: inherit;\">La l\u00e9gitimit\u00e9 du traitement de vos donn\u00e9es dans le cas de nos r\u00e9seaux sociaux repose sur l&rsquo;acceptation des conditions contractuelles particuli\u00e8res qui correspondent \u00e0 chaque r\u00e9seau social, conform\u00e9ment \u00e0 leurs politiques de confidentialit\u00e9.<\/span><\/span><\/p>\n<p><strong><span style=\"vertical-align: inherit;\"><span style=\"vertical-align: inherit;\">DROITS SUR VOS DONNEES PERSONNELLES<\/span><\/span><\/strong><\/p>\n<p><span style=\"vertical-align: inherit;\"><span style=\"vertical-align: inherit;\">Acc\u00e8s \u00e0 vos donn\u00e9es personnelles via notre email de contact. <\/span><\/span><br \/>\n<span style=\"vertical-align: inherit;\"><span style=\"vertical-align: inherit;\">Modification, limitation ou suppression de l&rsquo;utilisation de vos donn\u00e9es. <\/span><\/span><br \/>\n<span style=\"vertical-align: inherit;\"><span style=\"vertical-align: inherit;\">R\u00e9clamations aupr\u00e8s de l&rsquo;Agence espagnole de protection des donn\u00e9es.<\/span><\/span><\/p>\n<p><strong><span style=\"vertical-align: inherit;\"><span style=\"vertical-align: inherit;\">POLITIQUE DE COOKIES<\/span><\/span><\/strong><\/p>\n<p><span style=\"vertical-align: inherit;\"><span style=\"vertical-align: inherit;\">Nous utilisons des cookies sur notre site Web. <\/span><span style=\"vertical-align: inherit;\">Ici vous pouvez voir la liste de ceux que nous utilisons. <\/span><\/span><a href=\"https:\/\/tratamientoignifugomadera.com\/fr\/politica-cookies\/\"><span style=\"vertical-align: inherit;\"><span style=\"vertical-align: inherit;\">ALLER<\/span><\/span><\/a><\/p>\n<p><strong><span style=\"vertical-align: inherit;\"><span style=\"vertical-align: inherit;\">CONTACT ET R\u00c9SOLUTION DE DOUTES<\/span><\/span><\/strong><\/p>\n<p><span style=\"vertical-align: inherit;\"><span style=\"vertical-align: inherit;\">Pour toute question ou requ\u00eate concernant notre politique de confidentialit\u00e9 des donn\u00e9es, vous pouvez nous contacter \u00e0 informacion@sanchezsandoval.es<\/span><\/span><\/p>\n<p><strong><span style=\"vertical-align: inherit;\"><span style=\"vertical-align: inherit;\">MODIFICATION DE LA POLITIQUE DE CONFIDENTIALIT\u00c9<\/span><\/span><\/strong><\/p>\n<p><span style=\"vertical-align: inherit;\"><span style=\"vertical-align: inherit;\">Sanchez \u2013 Sandoval SL se r\u00e9serve le droit de modifier sa politique de confidentialit\u00e9, selon ses propres crit\u00e8res, ou motiv\u00e9e par un changement doctrinal de l&rsquo;Agence espagnole de protection des donn\u00e9es (AEPD), l\u00e9gislatif ou jurisprudentiel. <\/span><span style=\"vertical-align: inherit;\">Toute modification de la politique de confidentialit\u00e9 sera communiqu\u00e9e par d&rsquo;autres moyens, tels que l&rsquo;envoi d&rsquo;e-mails d&rsquo;entreprise aux utilisateurs abonn\u00e9s ou enregistr\u00e9s et la publication d&rsquo;un avis sur notre page d&rsquo;accueil. <\/span><\/span><br \/>\n<span style=\"vertical-align: inherit;\"><span style=\"vertical-align: inherit;\">Cependant, nous recommandons \u00e0 nos utilisateurs de consulter p\u00e9riodiquement notre politique de confidentialit\u00e9 pour v\u00e9rifier les \u00e9ventuelles modifications.<\/span><\/span><\/p>\n<\/div><\/div><\/div><\/div><\/div>\n","protected":false},"excerpt":{"rendered":"","protected":false},"author":1,"featured_media":0,"parent":0,"menu_order":0,"comment_status":"closed","ping_status":"closed","template":"","meta":{"footnotes":""},"class_list":["post-3499","page","type-page","status-publish","hentry"],"yoast_head":"<!-- This site is optimized with the Yoast SEO plugin v20.11 - https:\/\/yoast.com\/wordpress\/plugins\/seo\/ -->\n<title>Pol\u00edtica de Privacidad - S\u00e1nchez Sandoval<\/title>\n<meta name=\"robots\" content=\"noindex, follow, max-snippet:-1, max-image-preview:large, max-video-preview:-1\" \/>\n<meta property=\"og:locale\" content=\"fr_FR\" \/>\n<meta property=\"og:type\" content=\"article\" \/>\n<meta property=\"og:title\" content=\"Pol\u00edtica de Privacidad - S\u00e1nchez Sandoval\" \/>\n<meta property=\"og:url\" content=\"https:\/\/tratamientoignifugomadera.com\/politica-privacidad\/\" \/>\n<meta property=\"og:site_name\" content=\"S\u00e1nchez Sandoval\" \/>\n<meta property=\"article:modified_time\" content=\"2023-07-11T14:06:21+00:00\" \/>\n<meta name=\"twitter:card\" content=\"summary_large_image\" \/>\n<meta name=\"twitter:label1\" content=\"Dur\u00e9e de lecture estim\u00e9e\" \/>\n\t<meta name=\"twitter:data1\" content=\"6 minutes\" \/>\n<script type=\"application\/ld+json\" class=\"yoast-schema-graph\">{\"@context\":\"https:\/\/schema.org\",\"@graph\":[{\"@type\":\"WebPage\",\"@id\":\"https:\/\/tratamientoignifugomadera.com\/politica-privacidad\/\",\"url\":\"https:\/\/tratamientoignifugomadera.com\/politica-privacidad\/\",\"name\":\"Pol\u00edtica de Privacidad - S\u00e1nchez Sandoval\",\"isPartOf\":{\"@id\":\"https:\/\/tratamientoignifugomadera.com\/#website\"},\"datePublished\":\"2023-05-03T11:38:08+00:00\",\"dateModified\":\"2023-07-11T14:06:21+00:00\",\"breadcrumb\":{\"@id\":\"https:\/\/tratamientoignifugomadera.com\/politica-privacidad\/#breadcrumb\"},\"inLanguage\":\"fr-FR\",\"potentialAction\":[{\"@type\":\"ReadAction\",\"target\":[\"https:\/\/tratamientoignifugomadera.com\/politica-privacidad\/\"]}]},{\"@type\":\"BreadcrumbList\",\"@id\":\"https:\/\/tratamientoignifugomadera.com\/politica-privacidad\/#breadcrumb\",\"itemListElement\":[{\"@type\":\"ListItem\",\"position\":1,\"name\":\"Portada\",\"item\":\"https:\/\/tratamientoignifugomadera.com\/\"},{\"@type\":\"ListItem\",\"position\":2,\"name\":\"Pol\u00edtica de Privacidad\"}]},{\"@type\":\"WebSite\",\"@id\":\"https:\/\/tratamientoignifugomadera.com\/#website\",\"url\":\"https:\/\/tratamientoignifugomadera.com\/\",\"name\":\"S\u00e1nchez Sandoval\",\"description\":\"Tratamientos industrial de la madera, en un amplia gama de colores, ign\u00edfugos y tratamientos para el exterior.\",\"potentialAction\":[{\"@type\":\"SearchAction\",\"target\":{\"@type\":\"EntryPoint\",\"urlTemplate\":\"https:\/\/tratamientoignifugomadera.com\/?s={search_term_string}\"},\"query-input\":\"required name=search_term_string\"}],\"inLanguage\":\"fr-FR\"}]}<\/script>\n<!-- \/ Yoast SEO plugin. -->","yoast_head_json":{"title":"Pol\u00edtica de Privacidad - S\u00e1nchez Sandoval","robots":{"index":"noindex","follow":"follow","max-snippet":"max-snippet:-1","max-image-preview":"max-image-preview:large","max-video-preview":"max-video-preview:-1"},"og_locale":"fr_FR","og_type":"article","og_title":"Pol\u00edtica de Privacidad - S\u00e1nchez Sandoval","og_url":"https:\/\/tratamientoignifugomadera.com\/politica-privacidad\/","og_site_name":"S\u00e1nchez Sandoval","article_modified_time":"2023-07-11T14:06:21+00:00","twitter_card":"summary_large_image","twitter_misc":{"Dur\u00e9e de lecture estim\u00e9e":"6 minutes"},"schema":{"@context":"https:\/\/schema.org","@graph":[{"@type":"WebPage","@id":"https:\/\/tratamientoignifugomadera.com\/politica-privacidad\/","url":"https:\/\/tratamientoignifugomadera.com\/politica-privacidad\/","name":"Pol\u00edtica de Privacidad - S\u00e1nchez Sandoval","isPartOf":{"@id":"https:\/\/tratamientoignifugomadera.com\/#website"},"datePublished":"2023-05-03T11:38:08+00:00","dateModified":"2023-07-11T14:06:21+00:00","breadcrumb":{"@id":"https:\/\/tratamientoignifugomadera.com\/politica-privacidad\/#breadcrumb"},"inLanguage":"fr-FR","potentialAction":[{"@type":"ReadAction","target":["https:\/\/tratamientoignifugomadera.com\/politica-privacidad\/"]}]},{"@type":"BreadcrumbList","@id":"https:\/\/tratamientoignifugomadera.com\/politica-privacidad\/#breadcrumb","itemListElement":[{"@type":"ListItem","position":1,"name":"Portada","item":"https:\/\/tratamientoignifugomadera.com\/"},{"@type":"ListItem","position":2,"name":"Pol\u00edtica de Privacidad"}]},{"@type":"WebSite","@id":"https:\/\/tratamientoignifugomadera.com\/#website","url":"https:\/\/tratamientoignifugomadera.com\/","name":"S\u00e1nchez Sandoval","description":"Tratamientos industrial de la madera, en un amplia gama de colores, ign\u00edfugos y tratamientos para el exterior.","potentialAction":[{"@type":"SearchAction","target":{"@type":"EntryPoint","urlTemplate":"https:\/\/tratamientoignifugomadera.com\/?s={search_term_string}"},"query-input":"required name=search_term_string"}],"inLanguage":"fr-FR"}]}},"_links":{"self":[{"href":"https:\/\/tratamientoignifugomadera.com\/fr\/wp-json\/wp\/v2\/pages\/3499","targetHints":{"allow":["GET"]}}],"collection":[{"href":"https:\/\/tratamientoignifugomadera.com\/fr\/wp-json\/wp\/v2\/pages"}],"about":[{"href":"https:\/\/tratamientoignifugomadera.com\/fr\/wp-json\/wp\/v2\/types\/page"}],"author":[{"embeddable":true,"href":"https:\/\/tratamientoignifugomadera.com\/fr\/wp-json\/wp\/v2\/users\/1"}],"replies":[{"embeddable":true,"href":"https:\/\/tratamientoignifugomadera.com\/fr\/wp-json\/wp\/v2\/comments?post=3499"}],"version-history":[{"count":2,"href":"https:\/\/tratamientoignifugomadera.com\/fr\/wp-json\/wp\/v2\/pages\/3499\/revisions"}],"predecessor-version":[{"id":3512,"href":"https:\/\/tratamientoignifugomadera.com\/fr\/wp-json\/wp\/v2\/pages\/3499\/revisions\/3512"}],"wp:attachment":[{"href":"https:\/\/tratamientoignifugomadera.com\/fr\/wp-json\/wp\/v2\/media?parent=3499"}],"curies":[{"name":"wp","href":"https:\/\/api.w.org\/{rel}","templated":true}]}}