{"id":3495,"date":"2023-05-03T13:40:50","date_gmt":"2023-05-03T11:40:50","guid":{"rendered":"https:\/\/tratamientoignifugomadera.com\/politica-cookies\/"},"modified":"2023-07-11T16:06:14","modified_gmt":"2023-07-11T14:06:14","slug":"politica-cookies","status":"publish","type":"page","link":"https:\/\/tratamientoignifugomadera.com\/fr\/politica-cookies\/","title":{"rendered":"Pol\u00edtica de Cookies"},"content":{"rendered":"<div class=\"fusion-fullwidth fullwidth-box fusion-builder-row-1 fusion-flex-container has-pattern-background has-mask-background nonhundred-percent-fullwidth non-hundred-percent-height-scrolling\" style=\"--awb-border-radius-top-left:0px;--awb-border-radius-top-right:0px;--awb-border-radius-bottom-right:0px;--awb-border-radius-bottom-left:0px;\" ><div class=\"fusion-builder-row fusion-row fusion-flex-align-items-flex-start fusion-flex-justify-content-center\" style=\"max-width:1331.2px;margin-left: calc(-4% \/ 2 );margin-right: calc(-4% \/ 2 );\"><div class=\"fusion-layout-column fusion_builder_column fusion-builder-column-0 fusion-flex-column\" style=\"--awb-bg-size:cover;--awb-width-large:70%;--awb-margin-top-large:16px;--awb-spacing-right-large:2.7428571428571%;--awb-margin-bottom-large:16px;--awb-spacing-left-large:2.7428571428571%;--awb-width-medium:70%;--awb-order-medium:0;--awb-spacing-right-medium:2.7428571428571%;--awb-spacing-left-medium:2.7428571428571%;--awb-width-small:100%;--awb-order-small:0;--awb-spacing-right-small:1.92%;--awb-spacing-left-small:1.92%;\"><div class=\"fusion-column-wrapper fusion-column-has-shadow fusion-flex-justify-content-flex-start fusion-content-layout-column\"><div class=\"fusion-text fusion-text-1\" style=\"--awb-font-size:16px;\"><p><span style=\"vertical-align: inherit;\"><span style=\"vertical-align: inherit;\">Ce site utilise des cookies pour am\u00e9liorer l&rsquo;exp\u00e9rience utilisateur. <\/span><span style=\"vertical-align: inherit;\">Ci-dessous, vous trouverez des informations sur ce que sont les cookies, le type de cookies utilis\u00e9 par cette page, comment vous pouvez d\u00e9sactiver les cookies dans votre navigateur et comment d\u00e9sactiver sp\u00e9cifiquement l&rsquo;installation de cookies tiers. <\/span><span style=\"vertical-align: inherit;\">Si vous ne trouvez pas les informations sp\u00e9cifiques que vous recherchez, veuillez envoyer un e-mail \u00e0 <\/span><\/span><b><span style=\"vertical-align: inherit;\"><span style=\"vertical-align: inherit;\">informacion@sanchezsandoval.es.<\/span><\/span><\/b><\/p>\n<h3><strong style=\"font-size: 30px;\" data-fusion-font=\"true\"><span style=\"vertical-align: inherit;\"><span style=\"vertical-align: inherit;\">Que sont les cookies ?<\/span><\/span><\/strong><\/h3>\n<p><span style=\"vertical-align: inherit;\"><span style=\"vertical-align: inherit;\">Les cookies sont utiles pour plusieurs raisons. <\/span><span style=\"vertical-align: inherit;\">D&rsquo;un point de vue technique, ils permettent aux pages Web de fonctionner plus rapidement et de s&rsquo;adapter \u00e0 vos pr\u00e9f\u00e9rences, comme le stockage de votre langue ou de la devise de votre pays. <\/span><span style=\"vertical-align: inherit;\">De plus, ils aident les responsables des sites \u00e0 am\u00e9liorer les services qu&rsquo;ils offrent, gr\u00e2ce aux informations statistiques qu&rsquo;ils collectent \u00e0 travers eux et servent \u00e0 rendre plus efficace la publicit\u00e9 que nous pouvons vous montrer.<\/span><\/span><\/p>\n<h3><strong style=\"font-size: 30px;\" data-fusion-font=\"true\"><span style=\"vertical-align: inherit;\"><span style=\"vertical-align: inherit;\">Quelle utilisation donnons-nous aux diff\u00e9rents types de cookies ?<\/span><\/span><\/strong><\/h3>\n<p><strong><span style=\"vertical-align: inherit;\"><span style=\"vertical-align: inherit;\">Cookies de session :<\/span><\/span><\/strong><span style=\"vertical-align: inherit;\"><span style=\"vertical-align: inherit;\"> Les cookies de session sont ceux qui durent tant que l&rsquo;utilisateur navigue sur la page Web et sont supprim\u00e9s une fois termin\u00e9s.<\/span><\/span><strong><br \/>\n<\/strong><\/p>\n<p><strong><span style=\"vertical-align: inherit;\"><span style=\"vertical-align: inherit;\">Cookies persistants :<\/span><\/span><\/strong><span style=\"vertical-align: inherit;\"><span style=\"vertical-align: inherit;\"> Ces cookies sont stock\u00e9s plus longtemps dans le terminal de l&rsquo;utilisateur, facilitant ainsi le contr\u00f4le des pr\u00e9f\u00e9rences choisies sans avoir \u00e0 r\u00e9p\u00e9ter certains param\u00e8tres \u00e0 chaque visite du site.<\/span><\/span><strong><br \/>\n<\/strong><\/p>\n<p><strong><span style=\"vertical-align: inherit;\"><span style=\"vertical-align: inherit;\">Cookies propres :<\/span><\/span><\/strong><span style=\"vertical-align: inherit;\"><span style=\"vertical-align: inherit;\"> Ce sont des cookies cr\u00e9\u00e9s par le site Web et qui ne peuvent lire que la page elle-m\u00eame. <\/span><span style=\"vertical-align: inherit;\">Par exemple : cookies techniques de chargement d&rsquo;images, cookies de personnalisation des param\u00e8tres web, cookies d&rsquo;analyse de trafic, etc.<\/span><\/span><strong><br \/>\n<\/strong><\/p>\n<p><strong><span style=\"vertical-align: inherit;\"><span style=\"vertical-align: inherit;\">Cookies tiers :<\/span><\/span><\/strong><span style=\"vertical-align: inherit;\"><span style=\"vertical-align: inherit;\"> il s&rsquo;agit de cookies cr\u00e9\u00e9s par des tiers et que nous utilisons pour diff\u00e9rents services (par exemple, l&rsquo;analyse de sites Web ou la publicit\u00e9).<\/span><\/span><\/p>\n<p><span style=\"font-size: 21px;\" data-fusion-font=\"true\"><b><span style=\"vertical-align: inherit;\"><span style=\"vertical-align: inherit;\">Selon leur finalit\u00e9 :<\/span><\/span><\/b><\/span><br \/>\n<strong><span style=\"vertical-align: inherit;\"><span style=\"vertical-align: inherit;\"> Cookies techniques :<\/span><\/span><\/strong><span style=\"vertical-align: inherit;\"><span style=\"vertical-align: inherit;\"> Les cookies techniques sont ceux qui sont indispensables et strictement n\u00e9cessaires au bon fonctionnement d&rsquo;un portail web et \u00e0 l&rsquo;utilisation des diff\u00e9rentes options et services qu&rsquo;il propose. <\/span><span style=\"vertical-align: inherit;\">Par exemple, celles qui servent \u00e0 maintenir la session, la gestion des temps de r\u00e9ponse, l&rsquo;ex\u00e9cution ou la validation des options, \u00e0 utiliser des \u00e9l\u00e9ments de s\u00e9curit\u00e9, \u00e0 partager des contenus sur les r\u00e9seaux sociaux, etc.<\/span><\/span><strong><br \/>\n<\/strong><\/p>\n<p><strong><span style=\"vertical-align: inherit;\"><span style=\"vertical-align: inherit;\">Cookies de personnalisation :<\/span><\/span><\/strong><span style=\"vertical-align: inherit;\"><span style=\"vertical-align: inherit;\"> Ces cookies permettent \u00e0 l&rsquo;utilisateur de sp\u00e9cifier ou de personnaliser certaines caract\u00e9ristiques des options g\u00e9n\u00e9rales de la page Web, par exemple, pour d\u00e9finir la langue, la configuration r\u00e9gionale ou les types de navigateur.<\/span><\/span><\/p>\n<p><strong>Cookies anal\u00edticas:<\/strong> Las cookies anal\u00edticas son las utilizadas por nuestro portal web, para elaborar perfiles de navegaci\u00f3n y poder conocer las preferencias de los usuarios del mismo para mejorar la oferta de productos y servicios. Por ejemplo, mediante una cookie anal\u00edtica se controlar\u00edan las \u00e1reas geogr\u00e1ficas de mayor inter\u00e9s de un usuario, cu\u00e1l es el producto de mayor aceptaci\u00f3n, etc.<\/p>\n<p><strong><span style=\"vertical-align: inherit;\"><span style=\"vertical-align: inherit;\">Cookies publicitaires :<\/span><\/span><\/strong><span style=\"vertical-align: inherit;\"><span style=\"vertical-align: inherit;\"> Les cookies publicitaires permettent la gestion des espaces publicitaires en fonction de crit\u00e8res pr\u00e9cis. <\/span><span style=\"vertical-align: inherit;\">Par exemple, la fr\u00e9quence d&rsquo;acc\u00e8s, le contenu \u00e9dit\u00e9, etc. <\/span><span style=\"vertical-align: inherit;\">Les cookies publicitaires permettent \u00e0 travers la gestion de la publicit\u00e9 de stocker des informations sur le comportement \u00e0 travers l&rsquo;observation des habitudes, l&rsquo;\u00e9tude des acc\u00e8s et la constitution d&rsquo;un profil des pr\u00e9f\u00e9rences de l&rsquo;utilisateur, de proposer des publicit\u00e9s li\u00e9es aux int\u00e9r\u00eats de votre profil.<\/span><\/span><\/p>\n<\/div><\/div><\/div><\/div><\/div>\n","protected":false},"excerpt":{"rendered":"","protected":false},"author":1,"featured_media":0,"parent":0,"menu_order":0,"comment_status":"closed","ping_status":"closed","template":"","meta":{"footnotes":""},"class_list":["post-3495","page","type-page","status-publish","hentry"],"yoast_head":"<!-- This site is optimized with the Yoast SEO plugin v20.11 - https:\/\/yoast.com\/wordpress\/plugins\/seo\/ -->\n<title>Pol\u00edtica de Cookies - S\u00e1nchez Sandoval<\/title>\n<meta name=\"robots\" content=\"noindex, follow, max-snippet:-1, max-image-preview:large, max-video-preview:-1\" \/>\n<meta property=\"og:locale\" content=\"fr_FR\" \/>\n<meta property=\"og:type\" content=\"article\" \/>\n<meta property=\"og:title\" content=\"Pol\u00edtica de Cookies - S\u00e1nchez Sandoval\" \/>\n<meta property=\"og:url\" content=\"https:\/\/tratamientoignifugomadera.com\/politica-cookies\/\" \/>\n<meta property=\"og:site_name\" content=\"S\u00e1nchez Sandoval\" \/>\n<meta property=\"article:modified_time\" content=\"2023-07-11T14:06:14+00:00\" \/>\n<meta name=\"twitter:card\" content=\"summary_large_image\" \/>\n<meta name=\"twitter:label1\" content=\"Dur\u00e9e de lecture estim\u00e9e\" \/>\n\t<meta name=\"twitter:data1\" content=\"5 minutes\" \/>\n<script type=\"application\/ld+json\" class=\"yoast-schema-graph\">{\"@context\":\"https:\/\/schema.org\",\"@graph\":[{\"@type\":\"WebPage\",\"@id\":\"https:\/\/tratamientoignifugomadera.com\/politica-cookies\/\",\"url\":\"https:\/\/tratamientoignifugomadera.com\/politica-cookies\/\",\"name\":\"Pol\u00edtica de Cookies - S\u00e1nchez Sandoval\",\"isPartOf\":{\"@id\":\"https:\/\/tratamientoignifugomadera.com\/#website\"},\"datePublished\":\"2023-05-03T11:40:50+00:00\",\"dateModified\":\"2023-07-11T14:06:14+00:00\",\"breadcrumb\":{\"@id\":\"https:\/\/tratamientoignifugomadera.com\/politica-cookies\/#breadcrumb\"},\"inLanguage\":\"fr-FR\",\"potentialAction\":[{\"@type\":\"ReadAction\",\"target\":[\"https:\/\/tratamientoignifugomadera.com\/politica-cookies\/\"]}]},{\"@type\":\"BreadcrumbList\",\"@id\":\"https:\/\/tratamientoignifugomadera.com\/politica-cookies\/#breadcrumb\",\"itemListElement\":[{\"@type\":\"ListItem\",\"position\":1,\"name\":\"Portada\",\"item\":\"https:\/\/tratamientoignifugomadera.com\/\"},{\"@type\":\"ListItem\",\"position\":2,\"name\":\"Pol\u00edtica de Cookies\"}]},{\"@type\":\"WebSite\",\"@id\":\"https:\/\/tratamientoignifugomadera.com\/#website\",\"url\":\"https:\/\/tratamientoignifugomadera.com\/\",\"name\":\"S\u00e1nchez Sandoval\",\"description\":\"Tratamientos industrial de la madera, en un amplia gama de colores, ign\u00edfugos y tratamientos para el exterior.\",\"potentialAction\":[{\"@type\":\"SearchAction\",\"target\":{\"@type\":\"EntryPoint\",\"urlTemplate\":\"https:\/\/tratamientoignifugomadera.com\/?s={search_term_string}\"},\"query-input\":\"required name=search_term_string\"}],\"inLanguage\":\"fr-FR\"}]}<\/script>\n<!-- \/ Yoast SEO plugin. -->","yoast_head_json":{"title":"Pol\u00edtica de Cookies - S\u00e1nchez Sandoval","robots":{"index":"noindex","follow":"follow","max-snippet":"max-snippet:-1","max-image-preview":"max-image-preview:large","max-video-preview":"max-video-preview:-1"},"og_locale":"fr_FR","og_type":"article","og_title":"Pol\u00edtica de Cookies - S\u00e1nchez Sandoval","og_url":"https:\/\/tratamientoignifugomadera.com\/politica-cookies\/","og_site_name":"S\u00e1nchez Sandoval","article_modified_time":"2023-07-11T14:06:14+00:00","twitter_card":"summary_large_image","twitter_misc":{"Dur\u00e9e de lecture estim\u00e9e":"5 minutes"},"schema":{"@context":"https:\/\/schema.org","@graph":[{"@type":"WebPage","@id":"https:\/\/tratamientoignifugomadera.com\/politica-cookies\/","url":"https:\/\/tratamientoignifugomadera.com\/politica-cookies\/","name":"Pol\u00edtica de Cookies - S\u00e1nchez Sandoval","isPartOf":{"@id":"https:\/\/tratamientoignifugomadera.com\/#website"},"datePublished":"2023-05-03T11:40:50+00:00","dateModified":"2023-07-11T14:06:14+00:00","breadcrumb":{"@id":"https:\/\/tratamientoignifugomadera.com\/politica-cookies\/#breadcrumb"},"inLanguage":"fr-FR","potentialAction":[{"@type":"ReadAction","target":["https:\/\/tratamientoignifugomadera.com\/politica-cookies\/"]}]},{"@type":"BreadcrumbList","@id":"https:\/\/tratamientoignifugomadera.com\/politica-cookies\/#breadcrumb","itemListElement":[{"@type":"ListItem","position":1,"name":"Portada","item":"https:\/\/tratamientoignifugomadera.com\/"},{"@type":"ListItem","position":2,"name":"Pol\u00edtica de Cookies"}]},{"@type":"WebSite","@id":"https:\/\/tratamientoignifugomadera.com\/#website","url":"https:\/\/tratamientoignifugomadera.com\/","name":"S\u00e1nchez Sandoval","description":"Tratamientos industrial de la madera, en un amplia gama de colores, ign\u00edfugos y tratamientos para el exterior.","potentialAction":[{"@type":"SearchAction","target":{"@type":"EntryPoint","urlTemplate":"https:\/\/tratamientoignifugomadera.com\/?s={search_term_string}"},"query-input":"required name=search_term_string"}],"inLanguage":"fr-FR"}]}},"_links":{"self":[{"href":"https:\/\/tratamientoignifugomadera.com\/fr\/wp-json\/wp\/v2\/pages\/3495","targetHints":{"allow":["GET"]}}],"collection":[{"href":"https:\/\/tratamientoignifugomadera.com\/fr\/wp-json\/wp\/v2\/pages"}],"about":[{"href":"https:\/\/tratamientoignifugomadera.com\/fr\/wp-json\/wp\/v2\/types\/page"}],"author":[{"embeddable":true,"href":"https:\/\/tratamientoignifugomadera.com\/fr\/wp-json\/wp\/v2\/users\/1"}],"replies":[{"embeddable":true,"href":"https:\/\/tratamientoignifugomadera.com\/fr\/wp-json\/wp\/v2\/comments?post=3495"}],"version-history":[{"count":2,"href":"https:\/\/tratamientoignifugomadera.com\/fr\/wp-json\/wp\/v2\/pages\/3495\/revisions"}],"predecessor-version":[{"id":3514,"href":"https:\/\/tratamientoignifugomadera.com\/fr\/wp-json\/wp\/v2\/pages\/3495\/revisions\/3514"}],"wp:attachment":[{"href":"https:\/\/tratamientoignifugomadera.com\/fr\/wp-json\/wp\/v2\/media?parent=3495"}],"curies":[{"name":"wp","href":"https:\/\/api.w.org\/{rel}","templated":true}]}}