{"id":3498,"date":"2023-05-03T13:38:08","date_gmt":"2023-05-03T11:38:08","guid":{"rendered":"https:\/\/tratamientoignifugomadera.com\/politica-privacidad\/"},"modified":"2023-07-11T16:04:54","modified_gmt":"2023-07-11T14:04:54","slug":"politica-privacidad","status":"publish","type":"page","link":"https:\/\/tratamientoignifugomadera.com\/ca\/politica-privacidad\/","title":{"rendered":"Pol\u00edtica de Privacidad"},"content":{"rendered":"<div class=\"fusion-fullwidth fullwidth-box fusion-builder-row-1 fusion-flex-container has-pattern-background has-mask-background nonhundred-percent-fullwidth non-hundred-percent-height-scrolling\" style=\"--awb-border-radius-top-left:0px;--awb-border-radius-top-right:0px;--awb-border-radius-bottom-right:0px;--awb-border-radius-bottom-left:0px;\" ><div class=\"fusion-builder-row fusion-row fusion-flex-align-items-flex-start fusion-flex-justify-content-center\" style=\"max-width:1331.2px;margin-left: calc(-4% \/ 2 );margin-right: calc(-4% \/ 2 );\"><div class=\"fusion-layout-column fusion_builder_column fusion-builder-column-0 fusion-flex-column\" style=\"--awb-bg-size:cover;--awb-width-large:70%;--awb-margin-top-large:16px;--awb-spacing-right-large:2.7428571428571%;--awb-margin-bottom-large:16px;--awb-spacing-left-large:2.7428571428571%;--awb-width-medium:70%;--awb-order-medium:0;--awb-spacing-right-medium:2.7428571428571%;--awb-spacing-left-medium:2.7428571428571%;--awb-width-small:100%;--awb-order-small:0;--awb-spacing-right-small:1.92%;--awb-spacing-left-small:1.92%;\"><div class=\"fusion-column-wrapper fusion-column-has-shadow fusion-flex-justify-content-flex-start fusion-content-layout-column\"><div class=\"fusion-text fusion-text-1\" style=\"--awb-font-size:17px;\"><p><span style=\"vertical-align: inherit;\"><span style=\"vertical-align: inherit;\">D&#8217;acord previst al Reglament (UE) 2016\/679 del Parlament Europeu i del Consell, de 27 d&#8217;abril de 2016, relatiu a la protecci\u00f3 de les persones f\u00edsiques pel que fa al tractament de dades personals ia la lliure circulaci\u00f3 d&#8217;aquestes dades i pel qual es deroga la Directiva 95\/46\/CE (d&#8217;ara endavant RGPD), des de Sanchez \u2013 Sandoval SL; <\/span><span style=\"vertical-align: inherit;\">venim a informar-vos a trav\u00e9s del present document sobre les dades personals que podem tractar, com realitzem aquest tractament i les seves finalitats.<\/span><\/span><\/p>\n<p><span style=\"vertical-align: inherit;\"><span style=\"vertical-align: inherit;\">Recollida de dades <\/span><\/span><strong><span style=\"vertical-align: inherit;\"><span style=\"vertical-align: inherit;\">finalitats, base de legitimaci\u00f3<\/span><\/span><\/strong><span style=\"vertical-align: inherit;\"><span style=\"vertical-align: inherit;\"> i <\/span><\/span><strong><span style=\"vertical-align: inherit;\"><span style=\"vertical-align: inherit;\">terminis de conservaci\u00f3<\/span><\/span><\/strong><span style=\"vertical-align: inherit;\"><span style=\"vertical-align: inherit;\"> :<\/span><\/span><\/p>\n<p><span style=\"vertical-align: inherit;\"><span style=\"vertical-align: inherit;\">La Pol\u00edtica de Privadesa forma part de les condicions generals que regeixen aquesta web.<\/span><\/span><\/p>\n<p>Sanchez \u2013 Sandoval S.L; CIF: B25402264<br \/>\nC\/ Josep Pla, n\u00baS\/N<br \/>\nCP:25680, Hostal Nou; Vallfogona De Balaguer<br \/>\ninformacion@sanchezsandoval.es<\/p>\n<p><span style=\"vertical-align: inherit;\"><span style=\"vertical-align: inherit;\">Reservat el dret a modificar o adaptar aquesta Pol\u00edtica de Privadesa en qualsevol moment. <\/span><span style=\"vertical-align: inherit;\">Et recomanem revisar-la, i si s&#8217;ha registrat i accedeixes al teu compte o perfil, se t&#8217;informar\u00e0 de les modificacions.<\/span><\/span><\/p>\n<p><strong><span style=\"vertical-align: inherit;\"><span style=\"vertical-align: inherit;\">CONTACTES DE LA WEB O DEL CORREU ELECTR\u00d2NIC<\/span><\/span><\/strong><\/p>\n<p><strong><span style=\"vertical-align: inherit;\"><span style=\"vertical-align: inherit;\">-Recopilaci\u00f3, finalitat i legitimaci\u00f3 de les teves dades personals<\/span><\/span><\/strong><span style=\"vertical-align: inherit;\"><span style=\"vertical-align: inherit;\"> :<\/span><\/span><\/p>\n<p><span style=\"vertical-align: inherit;\"><span style=\"vertical-align: inherit;\">Obtenim informaci\u00f3 sobre el teu IP, navegador o durada de visites de forma an\u00f2nima. <\/span><span style=\"vertical-align: inherit;\">Comptem amb un formulari de contacte de les dades de les obtingudes podrem posar-nos en contacte amb tu per resoldre qualsevol consulta o dubtes, tramitar comandes, donar informaci\u00f3 sobre productes o informar sobre novetats a la web. <\/span><span style=\"vertical-align: inherit;\">Les dades anal\u00edtiques s&#8217;utilitzaran per millorar el nostre lloc web aix\u00ed com el material generat pels usuaris. <\/span><span style=\"vertical-align: inherit;\">Podrem confirmar la lectura dels correus electr\u00f2nics enviats. <\/span><span style=\"vertical-align: inherit;\">Per poder registrar-se i rebre informaci\u00f3 de la nostra web l&#8217;usuari ha d&#8217;omplir un formulari d&#8217;almenys tots els camps obligatoris, acceptant les condicions d&#8217;\u00fas i pol\u00edtiques de privadesa prement el bot\u00f3 acceptar del formulari, altrament no es permetr\u00e0 enviar la informaci\u00f3 .<\/span><\/span><\/p>\n<p><strong><span style=\"vertical-align: inherit;\"><span style=\"vertical-align: inherit;\">XARXES SOCIALS<\/span><\/span><\/strong><\/p>\n<p><strong><span style=\"vertical-align: inherit;\"><span style=\"vertical-align: inherit;\">-Finalitat i legitimaci\u00f3 de les teves dades personals<\/span><\/span><\/strong><span style=\"vertical-align: inherit;\"><span style=\"vertical-align: inherit;\"> :<\/span><\/span><\/p>\n<p><span style=\"vertical-align: inherit;\"><span style=\"vertical-align: inherit;\">Comptem amb un formulari de contacte de les dades de les obtingudes podrem posar-nos en contacte amb tu per resoldre qualsevol consulta o dubtes, tramitar comandes, donar informaci\u00f3 sobre productes o informar sobre novetats a la web. <\/span><\/span><br \/>\n<span style=\"vertical-align: inherit;\"><span style=\"vertical-align: inherit;\">La nostra finalitat \u00e9s la generaci\u00f3 de contingut adequat als seguidors i la creaci\u00f3 duna comunitat amb interessos comuns. <\/span><\/span><br \/>\n<span style=\"vertical-align: inherit;\"><span style=\"vertical-align: inherit;\">La legitimaci\u00f3 per al tractament de les vostres dades en el cas de les nostres xarxes socials es basa en l&#8217;acceptaci\u00f3 de les condicions contractuals particulars que correspongui a cada xarxa social, d&#8217;acord amb les seves pol\u00edtiques de privadesa.<\/span><\/span><\/p>\n<p><strong><span style=\"vertical-align: inherit;\"><span style=\"vertical-align: inherit;\">DRETS SOBRE LES TEVES DADES PERSONALS<\/span><\/span><\/strong><\/p>\n<p><span style=\"vertical-align: inherit;\"><span style=\"vertical-align: inherit;\">Acc\u00e9s a les vostres dades personals a trav\u00e9s del nostre correu de contacte. <\/span><\/span><br \/>\n<span style=\"vertical-align: inherit;\"><span style=\"vertical-align: inherit;\">Modificaci\u00f3, limitaci\u00f3 o eliminaci\u00f3 de l&#8217;\u00fas de les dades. <\/span><\/span><br \/>\n<span style=\"vertical-align: inherit;\"><span style=\"vertical-align: inherit;\">Reclamacions a l&#8217;Ag\u00e8ncia Espanyola de Protecci\u00f3 de Dades.<\/span><\/span><\/p>\n<p><strong><span style=\"vertical-align: inherit;\"><span style=\"vertical-align: inherit;\">POL\u00cdTICA DE COOKIES<\/span><\/span><\/strong><\/p>\n<p><span style=\"vertical-align: inherit;\"><span style=\"vertical-align: inherit;\">Utilitzem cookies a la nostra web. <\/span><span style=\"vertical-align: inherit;\">Aqu\u00ed pots consultar el llistat de les que utilitzem. <\/span><\/span><a href=\"https:\/\/tratamientoignifugomadera.com\/ca\/politica-cookies\/\"><span style=\"vertical-align: inherit;\"><span style=\"vertical-align: inherit;\">ANAR<\/span><\/span><\/a><\/p>\n<p><strong><span style=\"vertical-align: inherit;\"><span style=\"vertical-align: inherit;\">CONTACTE I RESOLUCI\u00d3 DE DUBTES<\/span><\/span><\/strong><\/p>\n<p><span style=\"vertical-align: inherit;\"><span style=\"vertical-align: inherit;\">Per a qualsevol dubte o consulta sobre la nostra Pol\u00edtica de Privadesa de dades pots contactar-nos a informacion@sanchezsandoval.es<\/span><\/span><\/p>\n<p><strong><span style=\"vertical-align: inherit;\"><span style=\"vertical-align: inherit;\">MODIFICACI\u00d3 DE POL\u00cdTICA DE PRIVACITAT<\/span><\/span><\/strong><\/p>\n<p><span style=\"vertical-align: inherit;\"><span style=\"vertical-align: inherit;\">Sanchez \u2013 Sandoval SL es reserva el dret a modificar la seva Pol\u00edtica de Privadesa, d&#8217;acord amb el seu propi criteri, o motivat per un canvi doctrinal de l&#8217;Ag\u00e8ncia Espanyola de Protecci\u00f3 de Dades (AEPD), legislatiu o jurisprudencial. <\/span><span style=\"vertical-align: inherit;\">Qualsevol modificaci\u00f3 de la Pol\u00edtica de Privadesa ser\u00e0 comunicada per altres mitjans, com l&#8217;enviament de correus electr\u00f2nics corporatius als usuaris subscrits o registrats i la publicaci\u00f3 d&#8217;un av\u00eds a la nostra p\u00e0gina d&#8217;inici. <\/span><\/span><br \/>\n<span style=\"vertical-align: inherit;\"><span style=\"vertical-align: inherit;\">No obstant aix\u00f2, recomanem als nostres usuaris la consulta peri\u00f2dica de la nostra Pol\u00edtica de Privadesa per comprovar possibles modificacions.<\/span><\/span><\/p>\n<\/div><\/div><\/div><\/div><\/div>\n","protected":false},"excerpt":{"rendered":"","protected":false},"author":1,"featured_media":0,"parent":0,"menu_order":0,"comment_status":"closed","ping_status":"closed","template":"","meta":{"footnotes":""},"class_list":["post-3498","page","type-page","status-publish","hentry"],"yoast_head":"<!-- This site is optimized with the Yoast SEO plugin v20.11 - https:\/\/yoast.com\/wordpress\/plugins\/seo\/ -->\n<title>Pol\u00edtica de Privacidad - S\u00e1nchez Sandoval<\/title>\n<meta name=\"robots\" content=\"noindex, follow, max-snippet:-1, max-image-preview:large, max-video-preview:-1\" \/>\n<meta property=\"og:locale\" content=\"ca_ES\" \/>\n<meta property=\"og:type\" content=\"article\" \/>\n<meta property=\"og:title\" content=\"Pol\u00edtica de Privacidad - S\u00e1nchez Sandoval\" \/>\n<meta property=\"og:url\" content=\"https:\/\/tratamientoignifugomadera.com\/politica-privacidad\/\" \/>\n<meta property=\"og:site_name\" content=\"S\u00e1nchez Sandoval\" \/>\n<meta property=\"article:modified_time\" content=\"2023-07-11T14:04:54+00:00\" \/>\n<meta name=\"twitter:card\" content=\"summary_large_image\" \/>\n<meta name=\"twitter:label1\" content=\"Temps estimat de lectura\" \/>\n\t<meta name=\"twitter:data1\" content=\"6 minuts\" \/>\n<script type=\"application\/ld+json\" class=\"yoast-schema-graph\">{\"@context\":\"https:\/\/schema.org\",\"@graph\":[{\"@type\":\"WebPage\",\"@id\":\"https:\/\/tratamientoignifugomadera.com\/politica-privacidad\/\",\"url\":\"https:\/\/tratamientoignifugomadera.com\/politica-privacidad\/\",\"name\":\"Pol\u00edtica de Privacidad - S\u00e1nchez Sandoval\",\"isPartOf\":{\"@id\":\"https:\/\/tratamientoignifugomadera.com\/#website\"},\"datePublished\":\"2023-05-03T11:38:08+00:00\",\"dateModified\":\"2023-07-11T14:04:54+00:00\",\"breadcrumb\":{\"@id\":\"https:\/\/tratamientoignifugomadera.com\/politica-privacidad\/#breadcrumb\"},\"inLanguage\":\"ca\",\"potentialAction\":[{\"@type\":\"ReadAction\",\"target\":[\"https:\/\/tratamientoignifugomadera.com\/politica-privacidad\/\"]}]},{\"@type\":\"BreadcrumbList\",\"@id\":\"https:\/\/tratamientoignifugomadera.com\/politica-privacidad\/#breadcrumb\",\"itemListElement\":[{\"@type\":\"ListItem\",\"position\":1,\"name\":\"Portada\",\"item\":\"https:\/\/tratamientoignifugomadera.com\/\"},{\"@type\":\"ListItem\",\"position\":2,\"name\":\"Pol\u00edtica de Privacidad\"}]},{\"@type\":\"WebSite\",\"@id\":\"https:\/\/tratamientoignifugomadera.com\/#website\",\"url\":\"https:\/\/tratamientoignifugomadera.com\/\",\"name\":\"S\u00e1nchez Sandoval\",\"description\":\"Tratamientos industrial de la madera, en un amplia gama de colores, ign\u00edfugos y tratamientos para el exterior.\",\"potentialAction\":[{\"@type\":\"SearchAction\",\"target\":{\"@type\":\"EntryPoint\",\"urlTemplate\":\"https:\/\/tratamientoignifugomadera.com\/?s={search_term_string}\"},\"query-input\":\"required name=search_term_string\"}],\"inLanguage\":\"ca\"}]}<\/script>\n<!-- \/ Yoast SEO plugin. -->","yoast_head_json":{"title":"Pol\u00edtica de Privacidad - S\u00e1nchez Sandoval","robots":{"index":"noindex","follow":"follow","max-snippet":"max-snippet:-1","max-image-preview":"max-image-preview:large","max-video-preview":"max-video-preview:-1"},"og_locale":"ca_ES","og_type":"article","og_title":"Pol\u00edtica de Privacidad - S\u00e1nchez Sandoval","og_url":"https:\/\/tratamientoignifugomadera.com\/politica-privacidad\/","og_site_name":"S\u00e1nchez Sandoval","article_modified_time":"2023-07-11T14:04:54+00:00","twitter_card":"summary_large_image","twitter_misc":{"Temps estimat de lectura":"6 minuts"},"schema":{"@context":"https:\/\/schema.org","@graph":[{"@type":"WebPage","@id":"https:\/\/tratamientoignifugomadera.com\/politica-privacidad\/","url":"https:\/\/tratamientoignifugomadera.com\/politica-privacidad\/","name":"Pol\u00edtica de Privacidad - S\u00e1nchez Sandoval","isPartOf":{"@id":"https:\/\/tratamientoignifugomadera.com\/#website"},"datePublished":"2023-05-03T11:38:08+00:00","dateModified":"2023-07-11T14:04:54+00:00","breadcrumb":{"@id":"https:\/\/tratamientoignifugomadera.com\/politica-privacidad\/#breadcrumb"},"inLanguage":"ca","potentialAction":[{"@type":"ReadAction","target":["https:\/\/tratamientoignifugomadera.com\/politica-privacidad\/"]}]},{"@type":"BreadcrumbList","@id":"https:\/\/tratamientoignifugomadera.com\/politica-privacidad\/#breadcrumb","itemListElement":[{"@type":"ListItem","position":1,"name":"Portada","item":"https:\/\/tratamientoignifugomadera.com\/"},{"@type":"ListItem","position":2,"name":"Pol\u00edtica de Privacidad"}]},{"@type":"WebSite","@id":"https:\/\/tratamientoignifugomadera.com\/#website","url":"https:\/\/tratamientoignifugomadera.com\/","name":"S\u00e1nchez Sandoval","description":"Tratamientos industrial de la madera, en un amplia gama de colores, ign\u00edfugos y tratamientos para el exterior.","potentialAction":[{"@type":"SearchAction","target":{"@type":"EntryPoint","urlTemplate":"https:\/\/tratamientoignifugomadera.com\/?s={search_term_string}"},"query-input":"required name=search_term_string"}],"inLanguage":"ca"}]}},"_links":{"self":[{"href":"https:\/\/tratamientoignifugomadera.com\/ca\/wp-json\/wp\/v2\/pages\/3498","targetHints":{"allow":["GET"]}}],"collection":[{"href":"https:\/\/tratamientoignifugomadera.com\/ca\/wp-json\/wp\/v2\/pages"}],"about":[{"href":"https:\/\/tratamientoignifugomadera.com\/ca\/wp-json\/wp\/v2\/types\/page"}],"author":[{"embeddable":true,"href":"https:\/\/tratamientoignifugomadera.com\/ca\/wp-json\/wp\/v2\/users\/1"}],"replies":[{"embeddable":true,"href":"https:\/\/tratamientoignifugomadera.com\/ca\/wp-json\/wp\/v2\/comments?post=3498"}],"version-history":[{"count":2,"href":"https:\/\/tratamientoignifugomadera.com\/ca\/wp-json\/wp\/v2\/pages\/3498\/revisions"}],"predecessor-version":[{"id":3509,"href":"https:\/\/tratamientoignifugomadera.com\/ca\/wp-json\/wp\/v2\/pages\/3498\/revisions\/3509"}],"wp:attachment":[{"href":"https:\/\/tratamientoignifugomadera.com\/ca\/wp-json\/wp\/v2\/media?parent=3498"}],"curies":[{"name":"wp","href":"https:\/\/api.w.org\/{rel}","templated":true}]}}