{"id":3494,"date":"2023-05-03T13:40:50","date_gmt":"2023-05-03T11:40:50","guid":{"rendered":"https:\/\/tratamientoignifugomadera.com\/politica-cookies\/"},"modified":"2023-07-11T16:04:49","modified_gmt":"2023-07-11T14:04:49","slug":"politica-cookies","status":"publish","type":"page","link":"https:\/\/tratamientoignifugomadera.com\/ca\/politica-cookies\/","title":{"rendered":"Pol\u00edtica de Cookies"},"content":{"rendered":"<div class=\"fusion-fullwidth fullwidth-box fusion-builder-row-1 fusion-flex-container has-pattern-background has-mask-background nonhundred-percent-fullwidth non-hundred-percent-height-scrolling\" style=\"--awb-border-radius-top-left:0px;--awb-border-radius-top-right:0px;--awb-border-radius-bottom-right:0px;--awb-border-radius-bottom-left:0px;\" ><div class=\"fusion-builder-row fusion-row fusion-flex-align-items-flex-start fusion-flex-justify-content-center\" style=\"max-width:1331.2px;margin-left: calc(-4% \/ 2 );margin-right: calc(-4% \/ 2 );\"><div class=\"fusion-layout-column fusion_builder_column fusion-builder-column-0 fusion-flex-column\" style=\"--awb-bg-size:cover;--awb-width-large:70%;--awb-margin-top-large:16px;--awb-spacing-right-large:2.7428571428571%;--awb-margin-bottom-large:16px;--awb-spacing-left-large:2.7428571428571%;--awb-width-medium:70%;--awb-order-medium:0;--awb-spacing-right-medium:2.7428571428571%;--awb-spacing-left-medium:2.7428571428571%;--awb-width-small:100%;--awb-order-small:0;--awb-spacing-right-small:1.92%;--awb-spacing-left-small:1.92%;\"><div class=\"fusion-column-wrapper fusion-column-has-shadow fusion-flex-justify-content-flex-start fusion-content-layout-column\"><div class=\"fusion-text fusion-text-1\" style=\"--awb-font-size:16px;\"><p><span style=\"vertical-align: inherit;\"><span style=\"vertical-align: inherit;\">Aquesta p\u00e0gina web utilitza cookies per millorar lexperi\u00e8ncia de lusuari. <\/span><span style=\"vertical-align: inherit;\">A continuaci\u00f3, trobareu informaci\u00f3 sobre que s\u00f3n les galetes, quin tipus de galetes utilitza aquesta p\u00e0gina, com podeu desactivar les galetes al vostre navegador i com desactivar espec\u00edficament la instal\u00b7laci\u00f3 de galetes de tercers. <\/span><span style=\"vertical-align: inherit;\">Si no trobeu la informaci\u00f3 espec\u00edfica que esteu buscant, si us plau envieu un correu a <\/span><\/span><b><span style=\"vertical-align: inherit;\"><span style=\"vertical-align: inherit;\">informacion@sanchezsandoval.es.<\/span><\/span><\/b><\/p>\n<h3><strong style=\"font-size: 30px;\" data-fusion-font=\"true\"><span style=\"vertical-align: inherit;\"><span style=\"vertical-align: inherit;\">Qu\u00e8 s\u00f3n les galetes?<\/span><\/span><\/strong><\/h3>\n<p><span style=\"vertical-align: inherit;\"><span style=\"vertical-align: inherit;\">Les galetes s\u00f3n \u00fatils per diversos motius. <\/span><span style=\"vertical-align: inherit;\">Des d&#8217;un punt de vista t\u00e8cnic, permeten que les p\u00e0gines web funcionin de forma m\u00e9s \u00e0gil i adaptada a les vostres prefer\u00e8ncies, com emmagatzemar el vostre idioma o la moneda del vostre pa\u00eds. <\/span><span style=\"vertical-align: inherit;\">A m\u00e9s, ajuden els responsables dels llocs a millorar els serveis que ofereixen, gr\u00e0cies a la informaci\u00f3 estad\u00edstica que recullen a trav\u00e9s d&#8217;elles i serveixen per fer m\u00e9s eficient la publicitat que us podem mostrar.<\/span><\/span><\/p>\n<h3><strong style=\"font-size: 30px;\" data-fusion-font=\"true\"><span style=\"vertical-align: inherit;\"><span style=\"vertical-align: inherit;\">Quin \u00fas donem als diferents tipus de cookies?<\/span><\/span><\/strong><\/h3>\n<p><strong><span style=\"vertical-align: inherit;\"><span style=\"vertical-align: inherit;\">Galetes de sessi\u00f3:<\/span><\/span><\/strong><span style=\"vertical-align: inherit;\"><span style=\"vertical-align: inherit;\"> Les galetes de sessi\u00f3 s\u00f3n aquelles que duren el temps que l&#8217;usuari est\u00e0 navegant per la p\u00e0gina web i s&#8217;esborren en finalitzar.<\/span><\/span><strong><br \/>\n<\/strong><\/p>\n<p><strong><span style=\"vertical-align: inherit;\"><span style=\"vertical-align: inherit;\">Galetes persistents:<\/span><\/span><\/strong><span style=\"vertical-align: inherit;\"><span style=\"vertical-align: inherit;\"> Aquestes galetes queden emmagatzemades al terminal de l&#8217;usuari, per un temps m\u00e9s llarg, facilitant aix\u00ed el control de les prefer\u00e8ncies escollides sense haver de repetir certs par\u00e0metres cada vegada que es visiti el lloc web.<\/span><\/span><strong><br \/>\n<\/strong><\/p>\n<p><strong><span style=\"vertical-align: inherit;\"><span style=\"vertical-align: inherit;\">Cookies pr\u00f2pies:<\/span><\/span><\/strong><span style=\"vertical-align: inherit;\"><span style=\"vertical-align: inherit;\"> S\u00f3n galetes creades pel lloc web i que nom\u00e9s poden llegir la pr\u00f2pia p\u00e0gina. <\/span><span style=\"vertical-align: inherit;\">Per exemple: galetes t\u00e8cniques per la c\u00e0rrega d&#8217;imatges, galetes de personalitzaci\u00f3 de par\u00e0metres de la web, galetes d&#8217;an\u00e0lisi de tr\u00e0nsit, etc.<\/span><\/span><strong><br \/>\n<\/strong><\/p>\n<p><strong><span style=\"vertical-align: inherit;\"><span style=\"vertical-align: inherit;\">Cookies de tercers:<\/span><\/span><\/strong><span style=\"vertical-align: inherit;\"><span style=\"vertical-align: inherit;\"> S\u00f3n cookies creades per tercers i que utilitzem per diferents serveis (per ex. An\u00e0lisi del lloc web o publicitat).<\/span><\/span><\/p>\n<p><span style=\"font-size: 21px;\" data-fusion-font=\"true\"><b><span style=\"vertical-align: inherit;\"><span style=\"vertical-align: inherit;\">Segons la finalitat:<\/span><\/span><\/b><\/span><br \/>\n<strong><span style=\"vertical-align: inherit;\"><span style=\"vertical-align: inherit;\"> Cookies t\u00e8cniques:<\/span><\/span><\/strong><span style=\"vertical-align: inherit;\"><span style=\"vertical-align: inherit;\"> Les cookies t\u00e8cniques s\u00f3n aquelles imprescindibles i estrictament necess\u00e0ries per al funcionament correcte d&#8217;un portal web i la utilitzaci\u00f3 de les diferents opcions i serveis que ofereix. <\/span><span style=\"vertical-align: inherit;\">Per exemple, les que serveixen per al manteniment de la sessi\u00f3, gesti\u00f3 del temps de resposta, rendiment o validaci\u00f3 d&#8217;opcions, utilitzar elements de seguretat, compartir contingut a les xarxes socials, etc.<\/span><\/span><strong><br \/>\n<\/strong><\/p>\n<p><strong><span style=\"vertical-align: inherit;\"><span style=\"vertical-align: inherit;\">Galetes de personalitzaci\u00f3:<\/span><\/span><\/strong><span style=\"vertical-align: inherit;\"><span style=\"vertical-align: inherit;\"> Aquestes galetes permeten a l&#8217;usuari especificar o personalitzar algunes caracter\u00edstiques de les opcions generals de la p\u00e0gina web, per exemple, definir l&#8217;idioma, configuraci\u00f3 regional o tipus de navegador.<\/span><\/span><\/p>\n<p><strong><span style=\"vertical-align: inherit;\"><span style=\"vertical-align: inherit;\">Galetes anal\u00edtiques:<\/span><\/span><\/strong><span style=\"vertical-align: inherit;\"><span style=\"vertical-align: inherit;\"> Les galetes anal\u00edtiques s\u00f3n les utilitzades pel nostre portal web, per elaborar perfils de navegaci\u00f3 i poder con\u00e8ixer les prefer\u00e8ncies dels usuaris del mateix per millorar l&#8217;oferta de productes i serveis. <\/span><span style=\"vertical-align: inherit;\">Per exemple, mitjan\u00e7ant una galeta anal\u00edtica es controlarien les \u00e0rees geogr\u00e0fiques de m\u00e9s inter\u00e8s d&#8217;un usuari, quin \u00e9s el producte de m\u00e9s acceptaci\u00f3, etc.<\/span><\/span><\/p>\n<p><strong><span style=\"vertical-align: inherit;\"><span style=\"vertical-align: inherit;\">Galetes publicit\u00e0ries:<\/span><\/span><\/strong><span style=\"vertical-align: inherit;\"><span style=\"vertical-align: inherit;\"> Les galetes publicit\u00e0ries permeten la gesti\u00f3 d&#8217;espais publicitaris en base a criteris concrets. <\/span><span style=\"vertical-align: inherit;\">Per exemple, la freq\u00fc\u00e8ncia d&#8217;acc\u00e9s, el contingut editat, etc. <\/span><span style=\"vertical-align: inherit;\">Les galetes de publicitat permeten a trav\u00e9s de la gesti\u00f3 de la publicitat emmagatzemar informaci\u00f3 del comportament a trav\u00e9s de l&#8217;observaci\u00f3 d&#8217;h\u00e0bits, estudiant els accessos i formant un perfil de prefer\u00e8ncies de l&#8217;usuari, per oferir publicitat relacionada amb els interessos del seu perfil.<\/span><\/span><\/p>\n<\/div><\/div><\/div><\/div><\/div>\n","protected":false},"excerpt":{"rendered":"","protected":false},"author":1,"featured_media":0,"parent":0,"menu_order":0,"comment_status":"closed","ping_status":"closed","template":"","meta":{"footnotes":""},"class_list":["post-3494","page","type-page","status-publish","hentry"],"yoast_head":"<!-- This site is optimized with the Yoast SEO plugin v20.11 - https:\/\/yoast.com\/wordpress\/plugins\/seo\/ -->\n<title>Pol\u00edtica de Cookies - S\u00e1nchez Sandoval<\/title>\n<meta name=\"robots\" content=\"noindex, follow, max-snippet:-1, max-image-preview:large, max-video-preview:-1\" \/>\n<meta property=\"og:locale\" content=\"ca_ES\" \/>\n<meta property=\"og:type\" content=\"article\" \/>\n<meta property=\"og:title\" content=\"Pol\u00edtica de Cookies - S\u00e1nchez Sandoval\" \/>\n<meta property=\"og:url\" content=\"https:\/\/tratamientoignifugomadera.com\/politica-cookies\/\" \/>\n<meta property=\"og:site_name\" content=\"S\u00e1nchez Sandoval\" \/>\n<meta property=\"article:modified_time\" content=\"2023-07-11T14:04:49+00:00\" \/>\n<meta name=\"twitter:card\" content=\"summary_large_image\" \/>\n<meta name=\"twitter:label1\" content=\"Temps estimat de lectura\" \/>\n\t<meta name=\"twitter:data1\" content=\"5 minuts\" \/>\n<script type=\"application\/ld+json\" class=\"yoast-schema-graph\">{\"@context\":\"https:\/\/schema.org\",\"@graph\":[{\"@type\":\"WebPage\",\"@id\":\"https:\/\/tratamientoignifugomadera.com\/politica-cookies\/\",\"url\":\"https:\/\/tratamientoignifugomadera.com\/politica-cookies\/\",\"name\":\"Pol\u00edtica de Cookies - S\u00e1nchez Sandoval\",\"isPartOf\":{\"@id\":\"https:\/\/tratamientoignifugomadera.com\/#website\"},\"datePublished\":\"2023-05-03T11:40:50+00:00\",\"dateModified\":\"2023-07-11T14:04:49+00:00\",\"breadcrumb\":{\"@id\":\"https:\/\/tratamientoignifugomadera.com\/politica-cookies\/#breadcrumb\"},\"inLanguage\":\"ca\",\"potentialAction\":[{\"@type\":\"ReadAction\",\"target\":[\"https:\/\/tratamientoignifugomadera.com\/politica-cookies\/\"]}]},{\"@type\":\"BreadcrumbList\",\"@id\":\"https:\/\/tratamientoignifugomadera.com\/politica-cookies\/#breadcrumb\",\"itemListElement\":[{\"@type\":\"ListItem\",\"position\":1,\"name\":\"Portada\",\"item\":\"https:\/\/tratamientoignifugomadera.com\/\"},{\"@type\":\"ListItem\",\"position\":2,\"name\":\"Pol\u00edtica de Cookies\"}]},{\"@type\":\"WebSite\",\"@id\":\"https:\/\/tratamientoignifugomadera.com\/#website\",\"url\":\"https:\/\/tratamientoignifugomadera.com\/\",\"name\":\"S\u00e1nchez Sandoval\",\"description\":\"Tratamientos industrial de la madera, en un amplia gama de colores, ign\u00edfugos y tratamientos para el exterior.\",\"potentialAction\":[{\"@type\":\"SearchAction\",\"target\":{\"@type\":\"EntryPoint\",\"urlTemplate\":\"https:\/\/tratamientoignifugomadera.com\/?s={search_term_string}\"},\"query-input\":\"required name=search_term_string\"}],\"inLanguage\":\"ca\"}]}<\/script>\n<!-- \/ Yoast SEO plugin. -->","yoast_head_json":{"title":"Pol\u00edtica de Cookies - S\u00e1nchez Sandoval","robots":{"index":"noindex","follow":"follow","max-snippet":"max-snippet:-1","max-image-preview":"max-image-preview:large","max-video-preview":"max-video-preview:-1"},"og_locale":"ca_ES","og_type":"article","og_title":"Pol\u00edtica de Cookies - S\u00e1nchez Sandoval","og_url":"https:\/\/tratamientoignifugomadera.com\/politica-cookies\/","og_site_name":"S\u00e1nchez Sandoval","article_modified_time":"2023-07-11T14:04:49+00:00","twitter_card":"summary_large_image","twitter_misc":{"Temps estimat de lectura":"5 minuts"},"schema":{"@context":"https:\/\/schema.org","@graph":[{"@type":"WebPage","@id":"https:\/\/tratamientoignifugomadera.com\/politica-cookies\/","url":"https:\/\/tratamientoignifugomadera.com\/politica-cookies\/","name":"Pol\u00edtica de Cookies - S\u00e1nchez Sandoval","isPartOf":{"@id":"https:\/\/tratamientoignifugomadera.com\/#website"},"datePublished":"2023-05-03T11:40:50+00:00","dateModified":"2023-07-11T14:04:49+00:00","breadcrumb":{"@id":"https:\/\/tratamientoignifugomadera.com\/politica-cookies\/#breadcrumb"},"inLanguage":"ca","potentialAction":[{"@type":"ReadAction","target":["https:\/\/tratamientoignifugomadera.com\/politica-cookies\/"]}]},{"@type":"BreadcrumbList","@id":"https:\/\/tratamientoignifugomadera.com\/politica-cookies\/#breadcrumb","itemListElement":[{"@type":"ListItem","position":1,"name":"Portada","item":"https:\/\/tratamientoignifugomadera.com\/"},{"@type":"ListItem","position":2,"name":"Pol\u00edtica de Cookies"}]},{"@type":"WebSite","@id":"https:\/\/tratamientoignifugomadera.com\/#website","url":"https:\/\/tratamientoignifugomadera.com\/","name":"S\u00e1nchez Sandoval","description":"Tratamientos industrial de la madera, en un amplia gama de colores, ign\u00edfugos y tratamientos para el exterior.","potentialAction":[{"@type":"SearchAction","target":{"@type":"EntryPoint","urlTemplate":"https:\/\/tratamientoignifugomadera.com\/?s={search_term_string}"},"query-input":"required name=search_term_string"}],"inLanguage":"ca"}]}},"_links":{"self":[{"href":"https:\/\/tratamientoignifugomadera.com\/ca\/wp-json\/wp\/v2\/pages\/3494","targetHints":{"allow":["GET"]}}],"collection":[{"href":"https:\/\/tratamientoignifugomadera.com\/ca\/wp-json\/wp\/v2\/pages"}],"about":[{"href":"https:\/\/tratamientoignifugomadera.com\/ca\/wp-json\/wp\/v2\/types\/page"}],"author":[{"embeddable":true,"href":"https:\/\/tratamientoignifugomadera.com\/ca\/wp-json\/wp\/v2\/users\/1"}],"replies":[{"embeddable":true,"href":"https:\/\/tratamientoignifugomadera.com\/ca\/wp-json\/wp\/v2\/comments?post=3494"}],"version-history":[{"count":2,"href":"https:\/\/tratamientoignifugomadera.com\/ca\/wp-json\/wp\/v2\/pages\/3494\/revisions"}],"predecessor-version":[{"id":3510,"href":"https:\/\/tratamientoignifugomadera.com\/ca\/wp-json\/wp\/v2\/pages\/3494\/revisions\/3510"}],"wp:attachment":[{"href":"https:\/\/tratamientoignifugomadera.com\/ca\/wp-json\/wp\/v2\/media?parent=3494"}],"curies":[{"name":"wp","href":"https:\/\/api.w.org\/{rel}","templated":true}]}}